{"id":70,"date":"2022-10-04T22:41:43","date_gmt":"2022-10-04T20:41:43","guid":{"rendered":"https:\/\/dasgoldschagg.de\/eventlocation\/?page_id=70"},"modified":"2022-10-04T22:41:44","modified_gmt":"2022-10-04T20:41:44","slug":"medienproduktion","status":"publish","type":"page","link":"https:\/\/dasgoldschagg.de\/eventlocation\/medienproduktion\/","title":{"rendered":"Medienproduktion"},"content":{"rendered":"<div id=\"wppb-builder-container\" class=\"wppb-builder-container\">                <div  class=\"wppb-row-parent  wppb-row-1664916806461 \"  >\n\t\t\t\t\t\n\t\t\t\t\t\t\t\t\t\t\n\t\t\t\t\t\t\t\t\t\t\n\t\t\t\t\t<div class=\"wppb-container \">\n\t\t\t\t\t\t\t\t\t\t\t\t\t\n                        <div class=\"wppb-row\">\n\t\t\t\t\t\t\t                                    <div  class=\"wppb-column-parent wppb-column-parent-view wppb-col-1664916806459  \"  >\n                                        <div class=\"wppb-column\">\n\t\t\t\t\t\n\t\t\t\t\t\t\t\t\t\t\t\n                                            <div class=\"wppb-builder-addons\">\n\t\t\t\t\t\t\t\t\t\t\t\t<div class='wppb-builder-addon wppb-addon-1664916830292'  data-addon-id='1664916830292'><div class='wppb-addon'><div class=\"wppb-text-block-addon\"><div class=\"wppb-text-block-content 0\"><p>Unsere Vorhangsystem und die abgeh\u00e4ngte Decke, sorgen f\u00fcr die ideale Raumakustik. Die Maschinen stehen standfest seit Jahrzehnten und geben einen friedlichen Spirit und die Chance auf positives Mindset zur Inspiration f\u00fcr Neues. \u00a0<\/p><p>Der Echtholz Boden sorgt f\u00fcr die n\u00f6tige Atmosph\u00e4re und bietet zusammen mit den unterschiedlichsten Maschinen einmalige Kulissen.<\/p><p>Wir haben immer ein offenes Ohr f\u00fcr die Denker dieser Zeit und bieten gerne Plattform f\u00fcr die n\u00f6tigen Produktionen f\u00fcr die jeweilige Ver\u00f6ffentlichung der Arbeit.<\/p><p>Wir arbeiten auf die Menschen und deren Ideen zu. Wir w\u00fcrden Dich und dein Team gerne kennen lernen. Wir sind erreichbar unter \u2026 \u00a0<\/p><\/div><\/div><\/div><\/div><div class='wppb-builder-addon wppb-addon-1677251942750'  data-addon-id='1677251942750'><div class='wppb-addon'><div class=\"wppb-button-group-addon\"><div class=\"wppb-button-addon-content\"><div class=\"wppb-button-group repeater-0\"><a  href=\"tel:00498928935113\" target=_self class=\"wppb-btn-addons  wppb-btn-custom wppb-btn-rounded wppb-btn-standard\"><i class=\"fas fa-phone-alt\"><\/i> 089 \/ 289 35 113 anrufen<\/a><\/div><div class=\"wppb-button-group repeater-1\"><a  href=\"mailto:post@dasgoldschagg.de\" target=_self class=\"wppb-btn-addons  wppb-btn-custom wppb-btn-rounded wppb-btn-standard\"><i class=\"far fa-envelope\"><\/i> post@dasgoldschagg.de<\/a><\/div><\/div><\/div><\/div><\/div>                                            <\/div>\n                                        <\/div>\n                                    <\/div>\n\t\t\t\t\t\t\t\t\t                                    <div  class=\"wppb-column-parent wppb-column-parent-view wppb-col-1664916806460  \"  >\n                                        <div class=\"wppb-column\">\n\t\t\t\t\t\n\t\t\t\t\t\t\t\t\t\t\t\n                                            <div class=\"wppb-builder-addons\">\n\t\t\t\t\t\t\t\t\t\t\t\t<div class='wppb-builder-addon wppb-addon-1664916869286'  data-addon-id='1664916869286'><div class='wppb-addon'><div class=\"wppb-text-block-addon\"><div class=\"wppb-text-block-content 0\"><h3><strong>Das Museum <\/strong><\/h3><p>65 qm Veranstaltungsfl\u00e4che<br \/>7 qm Empfang<br \/>17 qm Nebenraum mit Zugang zum Au\u00dfenbereich und zum Museum<br \/>72 qm Au\u00dfenbereich<br \/>Vorhangsystem zur flexiblen Inszenierung<br \/>Tageslicht<br \/>\u00d6PNV: 3 Min. entfernt U2; 12 Min. entfernt S-Bahn\/U-Bahn\/Bus<br \/>Barrierefreier Zugang<br \/>Inkl. Endreinigung (Besenrein hinterlassen)<br \/>Aufbau am Vorabend nach Absprache<\/p><\/div><\/div><\/div><\/div><div class='wppb-builder-addon wppb-addon-1664916913659'  data-addon-id='1664916913659'><div class='wppb-addon'><div class=\"wppb-text-block-addon\"><div class=\"wppb-text-block-content 0\"><h3><strong>Veranstaltungstechnik (optional) <\/strong><\/h3><p>13qm B\u00fchne; 2 vertikal Traversen;\u00a0 12 Akku Spots; 5 Fluter; 4 flexible Stehleuchten; professionelle Lichtanlage im gesamten Museum; WLAN; Leinwand (optional)<\/p><\/div><\/div><\/div><\/div><div class='wppb-builder-addon wppb-addon-1664916945087'  data-addon-id='1664916945087'><div class='wppb-addon'><div class=\"wppb-text-block-addon\"><div class=\"wppb-text-block-content 0\"><h3><strong>Ausstattung <\/strong><\/h3><p>Tische; 2 Stehtische; K\u00fcchenzeile; Table-Top (optional)<\/p><p>Jegliche Ausstattung kann \u00fcber uns dazu gemietet werden.<\/p><p>(Wir \u00fcbernehmen das Handling der ausgesuchten Artikel, on top kommt dann eine Handling-Charge von 12% der Brutto-Summe. Die Bestellung l\u00e4uft auf den Mieter. F\u00fcr Sch\u00e4den an den Artikeln wird nicht gehaftet.)<\/p><\/div><\/div><\/div><\/div>                                            <\/div>\n                                        <\/div>\n                                    <\/div>\n\t\t\t\t\t\t\t\t\t                        <\/div>\n\n                    <\/div>\n                <\/div>\n\t\t\t\t                <div  class=\"wppb-row-parent  wppb-row-1668028627114 \"  >\n\t\t\t\t\t\n\t\t\t\t\t\t\t\t\t\t\n\t\t\t\t\t\t\t\t\t\t\n\t\t\t\t\t<div class=\"wppb-container \">\n\t\t\t\t\t\t\t\t\t\t\t\t\t\n                        <div class=\"wppb-row\">\n\t\t\t\t\t\t\t                                    <div  class=\"wppb-column-parent wppb-column-parent-view wppb-col-1668028627113  \"  >\n                                        <div class=\"wppb-column\">\n\t\t\t\t\t\n\t\t\t\t\t\t\t\t\t\t\t\n                                            <div class=\"wppb-builder-addons\">\n\t\t\t\t\t\t\t\t\t\t\t\t<div class='wppb-builder-addon wppb-widget-1668028679464 wppb-addon-1668028679464'  data-addon-id='1668028679464'><div class='wppb-widget'><div id='gallery-1' class='gallery galleryid-70 gallery-columns-6 gallery-size-thumbnail'><figure class='gallery-item'>\n\t\t\t<div class='gallery-icon landscape'>\n\t\t\t\t<a href='https:\/\/dasgoldschagg.de\/eventlocation\/wp-content\/uploads\/2022\/11\/A6606800-HDR.jpg'><img loading=\"lazy\" decoding=\"async\" width=\"150\" height=\"150\" src=\"https:\/\/dasgoldschagg.de\/eventlocation\/wp-content\/uploads\/2022\/11\/A6606800-HDR-150x150.jpg\" class=\"attachment-thumbnail size-thumbnail\" alt=\"\" \/><\/a>\n\t\t\t<\/div><\/figure><figure class='gallery-item'>\n\t\t\t<div class='gallery-icon landscape'>\n\t\t\t\t<a href='https:\/\/dasgoldschagg.de\/eventlocation\/wp-content\/uploads\/2022\/11\/A6606673-HDR.jpg'><img loading=\"lazy\" decoding=\"async\" width=\"150\" height=\"150\" src=\"https:\/\/dasgoldschagg.de\/eventlocation\/wp-content\/uploads\/2022\/11\/A6606673-HDR-150x150.jpg\" class=\"attachment-thumbnail size-thumbnail\" alt=\"\" \/><\/a>\n\t\t\t<\/div><\/figure><figure class='gallery-item'>\n\t\t\t<div class='gallery-icon landscape'>\n\t\t\t\t<a href='https:\/\/dasgoldschagg.de\/eventlocation\/wp-content\/uploads\/2022\/11\/A6607561-HDR.jpg'><img loading=\"lazy\" decoding=\"async\" width=\"150\" height=\"150\" src=\"https:\/\/dasgoldschagg.de\/eventlocation\/wp-content\/uploads\/2022\/11\/A6607561-HDR-150x150.jpg\" class=\"attachment-thumbnail size-thumbnail\" alt=\"\" \/><\/a>\n\t\t\t<\/div><\/figure><figure class='gallery-item'>\n\t\t\t<div class='gallery-icon portrait'>\n\t\t\t\t<a href='https:\/\/dasgoldschagg.de\/eventlocation\/wp-content\/uploads\/2022\/11\/A6606891-HDR.jpg'><img loading=\"lazy\" decoding=\"async\" width=\"150\" height=\"150\" src=\"https:\/\/dasgoldschagg.de\/eventlocation\/wp-content\/uploads\/2022\/11\/A6606891-HDR-150x150.jpg\" class=\"attachment-thumbnail size-thumbnail\" alt=\"\" \/><\/a>\n\t\t\t<\/div><\/figure><figure class='gallery-item'>\n\t\t\t<div class='gallery-icon landscape'>\n\t\t\t\t<a href='https:\/\/dasgoldschagg.de\/eventlocation\/wp-content\/uploads\/2022\/11\/A6606899.jpg'><img loading=\"lazy\" decoding=\"async\" width=\"150\" height=\"150\" src=\"https:\/\/dasgoldschagg.de\/eventlocation\/wp-content\/uploads\/2022\/11\/A6606899-150x150.jpg\" class=\"attachment-thumbnail size-thumbnail\" alt=\"\" \/><\/a>\n\t\t\t<\/div><\/figure><figure class='gallery-item'>\n\t\t\t<div class='gallery-icon portrait'>\n\t\t\t\t<a href='https:\/\/dasgoldschagg.de\/eventlocation\/wp-content\/uploads\/2022\/11\/A6606921.jpg'><img loading=\"lazy\" decoding=\"async\" width=\"150\" height=\"150\" src=\"https:\/\/dasgoldschagg.de\/eventlocation\/wp-content\/uploads\/2022\/11\/A6606921-150x150.jpg\" class=\"attachment-thumbnail size-thumbnail\" alt=\"\" \/><\/a>\n\t\t\t<\/div><\/figure>\n\t\t<\/div>\n<\/div><\/div><div class='wppb-builder-addon wppb-widget- wppb-addon-'  data-addon-id=''><div class='wppb-widget'><\/div><\/div>                                            <\/div>\n                                        <\/div>\n                                    <\/div>\n\t\t\t\t\t\t\t\t\t                        <\/div>\n\n                    <\/div>\n                <\/div>\n\t\t\t\t                <div  class=\"wppb-row-parent  wppb-row-1677252571806 \"  >\n\t\t\t\t\t\n\t\t\t\t\t\t\t\t\t\t\n\t\t\t\t\t\t\t\t\t\t\n\t\t\t\t\t<div class=\"wppb-container \">\n\t\t\t\t\t\t\t\t\t\t\t\t\t\n                        <div class=\"wppb-row\">\n\t\t\t\t\t\t\t                                    <div  class=\"wppb-column-parent wppb-column-parent-view wppb-col-1677252571805  \"  >\n                                        <div class=\"wppb-column\">\n\t\t\t\t\t\n\t\t\t\t\t\t\t\t\t\t\t\n                                            <div class=\"wppb-builder-addons\">\n\t\t\t\t\t\t\t\t\t\t\t\t<div class='wppb-builder-addon wppb-addon-1677252571809'  data-addon-id='1677252571809'><div class='wppb-addon'><div class=\"wppb-global-form-addon\"><div class=\"wppb-global-form-content  wppb-textarea-disbale-0\">            <form method=\"post\" enctype=\"multipart\/form-data\" class=\"wppb-form-addon\" data-form-id=\"1677252571809\">\r\n\t\t\t\t<input type=\"hidden\" id=\"wppb_form_nonce_field\" name=\"wppb_form_nonce_field\" value=\"10a3c53f5c\" \/><input type=\"hidden\" name=\"_wp_http_referer\" value=\"\/eventlocation\/wp-json\/wp\/v2\/pages\/70\" \/>                <input type=\"hidden\" name=\"wppb_form_data\" value=\"{&quot;addon_id&quot;:1677252571809,&quot;page_id&quot;:70}\">\r\n                <div class=\"wppb-form-msg\"><\/div>\r\n                <div class=\"wppb-form-field-item-wrap\">\r\n\t\t\t\t\t                        <div class=\"wppb-form-field-repeat repeater-0\">\r\n                            <div class=\"wppb-form-field-wrap\">\r\n\t\t\t\t\t\t\t\t\t\t\t\t\t\t\t\t\t<label class=\"wppb-form-field-label\">Name<span class='require-sign'>*<\/span><\/label>\r\n\t\t\t\t\t\t\t\t\t\t\t\t\t\t\t\t\t\t\t\t\t\t\t\t\t \n<span class=\"wppb-form-field-item wppb-form-field-input\">\n    <input type=\"text\" name=\"wppb_default_form[0]\"  placeholder=\"Vor- und Nachname\" data-required=\"true\" data-label=\"Name\"  >\n<\/span>\t\t\t\t\t\t\t\t                            <\/div>\r\n                        <\/div>\r\n\t\t\t\t\t\t                        <div class=\"wppb-form-field-repeat repeater-1\">\r\n                            <div class=\"wppb-form-field-wrap\">\r\n\t\t\t\t\t\t\t\t\t\t\t\t\t\t\t\t\t<label class=\"wppb-form-field-label\">Firma<\/label>\r\n\t\t\t\t\t\t\t\t\t\t\t\t\t\t\t\t\t\t\t\t\t\t\t\t\t \n<span class=\"wppb-form-field-item wppb-form-field-input\">\n    <input type=\"text\" name=\"wppb_default_form[1]\"  placeholder=\"Firmenname\"  >\n<\/span>\t\t\t\t\t\t\t\t                            <\/div>\r\n                        <\/div>\r\n\t\t\t\t\t\t                        <div class=\"wppb-form-field-repeat repeater-2\">\r\n                            <div class=\"wppb-form-field-wrap\">\r\n\t\t\t\t\t\t\t\t\t\t\t\t\t\t\t\t\t<label class=\"wppb-form-field-label\">Kontaktm\u00f6glichkeit<span class='require-sign'>*<\/span><\/label>\r\n\t\t\t\t\t\t\t\t\t\t\t\t\t\t\t\t\t\t\t\t\t\t\t\t\t \n<span class=\"wppb-form-field-item wppb-form-field-input\">\n    <input type=\"text\" name=\"wppb_default_form[2]\"  placeholder=\"Emailadresse oder Telefonnummer\" data-required=\"true\" data-label=\"Kontaktm\u00f6glichkeit\"  >\n<\/span>\t\t\t\t\t\t\t\t                            <\/div>\r\n                        <\/div>\r\n\t\t\t\t\t\t                        <div class=\"wppb-form-field-repeat repeater-3\">\r\n                            <div class=\"wppb-form-field-wrap\">\r\n\t\t\t\t\t\t\t\t\t\t\t\t\t\t\t\t\t<label class=\"wppb-form-field-label\">Veranstaltungsdatum<\/label>\r\n\t\t\t\t\t\t\t\t\t\t\t\t\t\t\t\t\t\t\t\t\t\t\t\t\t \n<span class=\"wppb-form-field-item wppb-form-field-input\">\n    <input type=\"text\" name=\"wppb_default_form[3]\"  placeholder=\"Wenn Sie schon wissen wann es stattfinden soll.\"  >\n<\/span>\t\t\t\t\t\t\t\t                            <\/div>\r\n                        <\/div>\r\n\t\t\t\t\t\t                        <div class=\"wppb-form-field-repeat repeater-4\">\r\n                            <div class=\"wppb-form-field-wrap\">\r\n\t\t\t\t\t\t\t\t\t\t\t\t\t\t\t\t\t<label class=\"wppb-form-field-label\">Anfrage<\/label>\r\n\t\t\t\t\t\t\t\t\t\t\t\t\t\t\t\t\t\t\t\t\t\t\t\t\t<span class=\"wppb-form-field-item wppb-form-field-textarea\">\n    <textarea name=\"wppb_default_form[4]\"  placeholder=\"Was gibt es \u00fcber die Veranstaltung zu sagen? Anlass, Personenanzahl, W\u00fcnsche\"  ><\/textarea>\n<\/span>\t\t\t\t\t\t\t\t                            <\/div>\r\n                        <\/div>\r\n\t\t\t\t\t\t                <\/div>\r\n\r\n\t\t\t\t                    <div class=\"wppb-custom-recaptcha\">\r\n                        <span class=\"wppb-form-recaptcha-input\"><input type=\"text\" name=\"wppb_default_form[wppb_form_recaptcha_answer]\" data-required=\"true\" placeholder=\"10+5 = ?\" data-label=\"WPPB Simple reCaptcha\"\/><\/span>\r\n                    <\/div>\r\n\t\t\t\t\r\n\t\t\t\t\r\n\t\t\t\t\r\n                <div class=\"wppb_form_addon_submit_btn_wrap wppb-form-btn-wrap\">\r\n                    <button class=\"wppb-btn-forms wppb_form_addon_submit  wppb-btn-no\" type=\"submit\"> <i class=\"far fa-smile-beam\"><\/i> <span>Unverbindliche Anfrage einreichen<\/span> <\/button>\r\n                <\/div>\r\n\r\n                <div class=\"wppb_form_response\"><\/div>\r\n            <\/form>\r\n\r\n\t\t\t<\/div><\/div><\/div><\/div>                                            <\/div>\n                                        <\/div>\n                                    <\/div>\n\t\t\t\t\t\t\t\t\t                        <\/div>\n\n                    <\/div>\n                <\/div>\n\t\t\t\t<\/div>","protected":false},"excerpt":{"rendered":"<p>Unsere Vorhangsystem und die abgeh\u00e4ngte Decke, sorgen f\u00fcr die ideale Raumakustik. Die Maschinen stehen standfest seit Jahrzehnten und geben einen friedlichen Spirit und die Chance auf positives Mindset zur Inspiration f\u00fcr Neues. \u00a0Der Echtholz Boden sorgt f\u00fcr die n\u00f6tige Atmosph\u00e4re und bietet zusammen mit den unterschiedlichsten Maschinen einmalige Kulissen.Wir haben immer ein offenes Ohr f\u00fcr\u2192<\/p>\n","protected":false},"author":1,"featured_media":0,"parent":0,"menu_order":0,"comment_status":"closed","ping_status":"closed","template":"","meta":{"footnotes":""},"class_list":["post-70","page","type-page","status-publish","hentry","wpbf-post"],"_links":{"self":[{"href":"https:\/\/dasgoldschagg.de\/eventlocation\/wp-json\/wp\/v2\/pages\/70","targetHints":{"allow":["GET"]}}],"collection":[{"href":"https:\/\/dasgoldschagg.de\/eventlocation\/wp-json\/wp\/v2\/pages"}],"about":[{"href":"https:\/\/dasgoldschagg.de\/eventlocation\/wp-json\/wp\/v2\/types\/page"}],"author":[{"embeddable":true,"href":"https:\/\/dasgoldschagg.de\/eventlocation\/wp-json\/wp\/v2\/users\/1"}],"replies":[{"embeddable":true,"href":"https:\/\/dasgoldschagg.de\/eventlocation\/wp-json\/wp\/v2\/comments?post=70"}],"version-history":[{"count":1,"href":"https:\/\/dasgoldschagg.de\/eventlocation\/wp-json\/wp\/v2\/pages\/70\/revisions"}],"predecessor-version":[{"id":71,"href":"https:\/\/dasgoldschagg.de\/eventlocation\/wp-json\/wp\/v2\/pages\/70\/revisions\/71"}],"wp:attachment":[{"href":"https:\/\/dasgoldschagg.de\/eventlocation\/wp-json\/wp\/v2\/media?parent=70"}],"curies":[{"name":"wp","href":"https:\/\/api.w.org\/{rel}","templated":true}]}}