{"id":13,"date":"2022-09-14T09:04:52","date_gmt":"2022-09-14T07:04:52","guid":{"rendered":"https:\/\/dasgoldschagg.de\/eventlocation\/?page_id=13"},"modified":"2022-09-14T09:04:52","modified_gmt":"2022-09-14T07:04:52","slug":"willkommen","status":"publish","type":"page","link":"https:\/\/dasgoldschagg.de\/eventlocation\/","title":{"rendered":"Willkommen"},"content":{"rendered":"<div id=\"wppb-builder-container\" class=\"wppb-builder-container\">                <div  class=\"wppb-row-parent  wppb-row-1663139074020 \"  >\n\t\t\t\t\t\n\t\t\t\t\t\t\t\t\t\t\n\t\t\t\t\t\t\t\t\t\t\n\t\t\t\t\t<div class=\"wppb-container wppb-container-full wppb-contaner-no-gutter\">\n\t\t\t\t\t\t\t\t\t\t\t\t\t\n                        <div class=\"wppb-row\">\n\t\t\t\t\t\t\t                                    <div  class=\"wppb-column-parent wppb-column-parent-view wppb-col-1663139074019  \"  >\n                                        <div class=\"wppb-column\">\n\t\t\t\t\t\n\t\t\t\t\t\t\t\t\t\t\t\n                                            <div class=\"wppb-builder-addons\">\n\t\t\t\t\t\t\t\t\t\t\t\t<div id=\"slider-carousel\" class='wppb-builder-addon wppb-addon-1664134331055'  data-addon-id='1664134331055'><div class='wppb-addon'>            <div class=\"wppb-carousel-addon\">\n            <div class=\"wppb-carousel-addon-content\">\n                <div class=\"wppb-carousel stick-dots\" data-addon-id=\"1664134331055\" data-settings=\"{&quot;arrow_option&quot;:&quot;1&quot;,&quot;control_option&quot;:&quot;1&quot;,&quot;autoplay_option&quot;:&quot;1&quot;,&quot;animated_speed&quot;:&quot;2100&quot;,&quot;slide_height&quot;:{&quot;md&quot;:&quot;600px&quot;,&quot;sm&quot;:&quot;&quot;,&quot;xs&quot;:&quot;&quot;},&quot;nav_color&quot;:&quot;#fff&quot;,&quot;nav_bg&quot;:{&quot;colorType&quot;:&quot;color&quot;,&quot;colorColor&quot;:&quot;#252525&quot;,&quot;colorGradient&quot;:[],&quot;clip&quot;:false},&quot;nav_width&quot;:{&quot;md&quot;:&quot;40px&quot;,&quot;sm&quot;:&quot;&quot;,&quot;xs&quot;:&quot;&quot;},&quot;nav_height&quot;:{&quot;md&quot;:&quot;40px&quot;,&quot;sm&quot;:&quot;&quot;,&quot;xs&quot;:&quot;&quot;},&quot;nav_radius&quot;:{&quot;md&quot;:{&quot;top&quot;:&quot;2px&quot;,&quot;right&quot;:&quot;2px&quot;,&quot;bottom&quot;:&quot;2px&quot;,&quot;left&quot;:&quot;2px&quot;},&quot;sm&quot;:{&quot;top&quot;:&quot;&quot;,&quot;right&quot;:&quot;&quot;,&quot;bottom&quot;:&quot;&quot;,&quot;left&quot;:&quot;&quot;},&quot;xs&quot;:{&quot;top&quot;:&quot;&quot;,&quot;right&quot;:&quot;&quot;,&quot;bottom&quot;:&quot;&quot;,&quot;left&quot;:&quot;&quot;}},&quot;nav_position&quot;:{&quot;md&quot;:&quot;50%&quot;,&quot;sm&quot;:&quot;&quot;,&quot;xs&quot;:&quot;&quot;},&quot;dot_bg&quot;:{&quot;colorType&quot;:&quot;color&quot;,&quot;colorColor&quot;:&quot;#3666E4&quot;,&quot;colorGradient&quot;:[],&quot;clip&quot;:false},&quot;dots_width&quot;:{&quot;md&quot;:&quot;40px&quot;,&quot;sm&quot;:&quot;&quot;,&quot;xs&quot;:&quot;&quot;},&quot;dots_height&quot;:{&quot;md&quot;:&quot;5px&quot;,&quot;sm&quot;:&quot;&quot;,&quot;xs&quot;:&quot;&quot;},&quot;dots_radius&quot;:{&quot;md&quot;:{&quot;top&quot;:&quot;2px&quot;,&quot;right&quot;:&quot;2px&quot;,&quot;bottom&quot;:&quot;2px&quot;,&quot;left&quot;:&quot;2px&quot;},&quot;sm&quot;:{&quot;top&quot;:&quot;&quot;,&quot;right&quot;:&quot;&quot;,&quot;bottom&quot;:&quot;&quot;,&quot;left&quot;:&quot;&quot;},&quot;xs&quot;:{&quot;top&quot;:&quot;&quot;,&quot;right&quot;:&quot;&quot;,&quot;bottom&quot;:&quot;&quot;,&quot;left&quot;:&quot;&quot;}},&quot;dots_position&quot;:{&quot;md&quot;:&quot;35px&quot;,&quot;sm&quot;:&quot;&quot;,&quot;xs&quot;:&quot;&quot;},&quot;content_padding&quot;:{&quot;md&quot;:{&quot;top&quot;:&quot;&quot;,&quot;right&quot;:&quot;&quot;,&quot;bottom&quot;:&quot;&quot;,&quot;left&quot;:&quot;&quot;},&quot;sm&quot;:{&quot;top&quot;:&quot;&quot;,&quot;right&quot;:&quot;&quot;,&quot;bottom&quot;:&quot;&quot;,&quot;left&quot;:&quot;&quot;},&quot;xs&quot;:{&quot;top&quot;:&quot;&quot;,&quot;right&quot;:&quot;&quot;,&quot;bottom&quot;:&quot;&quot;,&quot;left&quot;:&quot;&quot;}},&quot;content_margin&quot;:{&quot;md&quot;:{&quot;top&quot;:&quot;&quot;,&quot;right&quot;:&quot;&quot;,&quot;bottom&quot;:&quot;&quot;,&quot;left&quot;:&quot;&quot;},&quot;sm&quot;:{&quot;top&quot;:&quot;&quot;,&quot;right&quot;:&quot;&quot;,&quot;bottom&quot;:&quot;&quot;,&quot;left&quot;:&quot;&quot;},&quot;xs&quot;:{&quot;top&quot;:&quot;&quot;,&quot;right&quot;:&quot;&quot;,&quot;bottom&quot;:&quot;&quot;,&quot;left&quot;:&quot;&quot;}},&quot;id&quot;:1664134331055,&quot;addon_background&quot;:{&quot;bgType&quot;:&quot;color&quot;,&quot;bgColor&quot;:&quot;&quot;,&quot;bgImage&quot;:[],&quot;bgimgPosition&quot;:&quot;&quot;,&quot;bgimgAttachment&quot;:&quot;&quot;,&quot;bgimgRepeat&quot;:&quot;&quot;,&quot;bgimgSize&quot;:&quot;&quot;,&quot;bgDefaultColor&quot;:&quot;&quot;,&quot;bgGradient&quot;:[],&quot;videoType&quot;:&quot;local&quot;,&quot;bgVideo&quot;:[],&quot;bgExternalVideo&quot;:&quot;&quot;,&quot;bgVideoFallback&quot;:[],&quot;bgHoverType&quot;:&quot;color&quot;,&quot;bgHoverColor&quot;:&quot;&quot;,&quot;bgHoverImage&quot;:[],&quot;bgHoverimgPosition&quot;:&quot;&quot;,&quot;bgHoverimgAttachment&quot;:&quot;&quot;,&quot;bgimgHoverRepeat&quot;:&quot;&quot;,&quot;bgimgHoverSize&quot;:&quot;&quot;,&quot;bgHoverDefaultColor&quot;:&quot;&quot;,&quot;bgHoverGradient&quot;:[]},&quot;addon_color_opacity&quot;:{&quot;colorType&quot;:&quot;color&quot;,&quot;colorColor&quot;:&quot;&quot;,&quot;colorGradient&quot;:[],&quot;clip&quot;:false},&quot;addon_id&quot;:&quot;slider-carousel&quot;}\" >\n\n\t\t\t\t\t            <div class=\"slick-slide-item repeater-0\">\n              <div class=\"wppb-carousel-content-wrap right_media\">\n\n\t\t\t\t\t\t\t                            <div class=\"wppb-container\">\n\t\t\t\t\t\t\t\t\t\t\t\t\t\t\t\t                                    <div class=\"wppb-carousel-content-in\">\n\t\t\t\t\t\t\t\t\t\t\t\t\t\t\t\t\t\t\t\t<h2 class=\"animated wppb-carousel-title\" >Ein Museum hat sich verwandelt. <\/h2>\t\t\t\t\t\t\t\t\t\t<h3 class=\"animated wppb-carousel-subtitle\" >\u201eDas Goldschagg\u201c ist entstanden.<\/h3>\t\t\t\t\t\t\t\t\t\t<div class=\"animated wppb-carousel-content\" >Zusammen haben Max &amp; Simon es sich zur Aufgabe gemacht, das alte Museum von Rolf Goldschagg aufzupolieren.\nJetzt hat der M\u00fcnchner Osten eine der einmaligsten und stilechtesten                        Event-Locations der Stadt.<\/div>\t\t\t\t\t\t\t\t\t\t\t\t\t\t\t\t\t\t\t\t                                    <\/div> <!--\/.wppb-carousel-content-in-->\n\t\t\t\t\t\t\t\t\t                                        <div class=\"wppb-carousel-media wppb-carousel-media-right\">\n\t\t\t\t\t\t\t\t\t\t\t<img decoding=\"async\" src=\"https:\/\/dasgoldschagg.de\/eventlocation\/wp-content\/uploads\/2022\/11\/A6607561-HDR.jpg\" class=\"animated\"  alt=\"image\" \/>                                        <\/div>\n\t\t\t\t\t\t\t\t\t                                <\/div> <!--\/.wppb-container-->\n                            <\/div> <!--\/.wppb-carousel-content-wrap-->\n                        <\/div> <!--\/.repeater-->\n\t\t\t\t\t\t            <div class=\"slick-slide-item repeater-1\">\n              <div class=\"wppb-carousel-content-wrap left_media\">\n\n\t\t\t\t\t\t\t                            <div class=\"wppb-container\">\n\t\t\t\t\t\t\t\t                                    <div class=\"wppb-carousel-media wppb-carousel-media-left\">\n\t\t\t\t\t\t\t\t\t\t<img decoding=\"async\" src=\"https:\/\/dasgoldschagg.de\/eventlocation\/wp-content\/uploads\/2022\/11\/A6607707-HDR.jpg\" class=\"animated\"  alt=\"image\" \/>                                    <\/div>\n\t\t\t\t\t\t\t\t\t\t\t\t\t\t\t\t                                    <div class=\"wppb-carousel-content-in\">\n\t\t\t\t\t\t\t\t\t\t\t\t\t\t\t\t\t\t\t\t<h2 class=\"animated wppb-carousel-title\" >Meeting. Incentive. Conference. Event.<\/h2>\t\t\t\t\t\t\t\t\t\t<h3 class=\"animated wppb-carousel-subtitle\" >MICE<\/h3>\t\t\t\t\t\t\t\t\t\t<div class=\"animated wppb-carousel-content\" >Wir sind gerne Plattform f\u00fcr deine gesch\u00e4ftliche Veranstaltung.                            Durch unsere Vorhangsystem sind wir in der Lage den Raum auf deine Bed\u00fcrfnisse in wenigen Minuten anzupassen. <\/div>\t\t\t\t\t\t\t\t\t\t<a  href=\"#\" target=_self class=\"animated wppb-carousel-btn wppb-btn-carousel1\" >Informieren<\/a>\t\t\t\t\t\t\t\t\t\t<a  href=\"#\" target=_self class=\"animated wppb-carousel-btn wppb-btn-carousel2\" >Unverbindlich Angebot anfordern<\/a>                                    <\/div> <!--\/.wppb-carousel-content-in-->\n\t\t\t\t\t\t\t\t\t                                <\/div> <!--\/.wppb-container-->\n                            <\/div> <!--\/.wppb-carousel-content-wrap-->\n                        <\/div> <!--\/.repeater-->\n\t\t\t\t\t\t            <div class=\"slick-slide-item repeater-2\">\n              <div class=\"wppb-carousel-content-wrap right_media\">\n\n\t\t\t\t\t\t\t                            <div class=\"wppb-container\">\n\t\t\t\t\t\t\t\t\t\t\t\t\t\t\t\t                                    <div class=\"wppb-carousel-content-in\">\n\t\t\t\t\t\t\t\t\t\t\t\t\t\t\t\t\t\t\t\t<h2 class=\"animated wppb-carousel-title\" >Omas Geburtstag oder Undergroundparty<\/h2>\t\t\t\t\t\t\t\t\t\t<h3 class=\"animated wppb-carousel-subtitle\" >Privat feiern<\/h3>\t\t\t\t\t\t\t\t\t\t<div class=\"animated wppb-carousel-content\" >Du kannst hier deine Hochzeit in Glanz und Gloria feiern, die Party zum runden Geburtstag von der Oma schmei\u00dfen oder mit all deinen Buddys hier zu uns kommen.<\/div>\t\t\t\t\t\t\t\t\t\t<a  href=\"#\" target=_self class=\"animated wppb-carousel-btn wppb-btn-carousel1\" >Informieren<\/a>\t\t\t\t\t\t\t\t\t\t<a  href=\"#\" target=_self class=\"animated wppb-carousel-btn wppb-btn-carousel2\" >Unverbindlich Angebot anfordern<\/a>                                    <\/div> <!--\/.wppb-carousel-content-in-->\n\t\t\t\t\t\t\t\t\t                                        <div class=\"wppb-carousel-media wppb-carousel-media-right\">\n\t\t\t\t\t\t\t\t\t\t\t<img decoding=\"async\" src=\"https:\/\/dasgoldschagg.de\/eventlocation\/wp-content\/uploads\/2022\/11\/A6608149-HDR.jpg\" class=\"animated\"  alt=\"image\" \/>                                        <\/div>\n\t\t\t\t\t\t\t\t\t                                <\/div> <!--\/.wppb-container-->\n                            <\/div> <!--\/.wppb-carousel-content-wrap-->\n                        <\/div> <!--\/.repeater-->\n\t\t\t\t\t\t            <div class=\"slick-slide-item repeater-3\">\n              <div class=\"wppb-carousel-content-wrap left_media\">\n\n\t\t\t\t\t\t\t                            <div class=\"wppb-container\">\n\t\t\t\t\t\t\t\t                                    <div class=\"wppb-carousel-media wppb-carousel-media-left\">\n\t\t\t\t\t\t\t\t\t\t<img decoding=\"async\" src=\"https:\/\/dasgoldschagg.de\/eventlocation\/wp-content\/uploads\/2022\/11\/A6606631-HDR.jpg\" class=\"animated\"  alt=\"image\" \/>                                    <\/div>\n\t\t\t\t\t\t\t\t\t\t\t\t\t\t\t\t                                    <div class=\"wppb-carousel-content-in\">\n\t\t\t\t\t\t\t\t\t\t\t\t\t\t\t\t\t\t\t\t<h2 class=\"animated wppb-carousel-title\" >Buchvorstellung und Musikvideo<\/h2>\t\t\t\t\t\t\t\t\t\t<h3 class=\"animated wppb-carousel-subtitle\" >Medienproduktionen<\/h3>\t\t\t\t\t\t\t\t\t\t<div class=\"animated wppb-carousel-content\" >Unsere Vorhangsystem und die abgeh\u00e4ngte Decke, sorgen f\u00fcr die ideale Raumakustik. Der Echtholzboden sorgt f\u00fcr die n\u00f6tige Atmosph\u00e4re und bietet zusammen mit den unterschiedlichsten Maschinen einmalige Kulissen.<\/div>\t\t\t\t\t\t\t\t\t\t<a  href=\"#\" target=_self class=\"animated wppb-carousel-btn wppb-btn-carousel1\" >Informieren<\/a>\t\t\t\t\t\t\t\t\t\t<a  href=\"#\" target=_self class=\"animated wppb-carousel-btn wppb-btn-carousel2\" >Unverbindlich Angebot anfordern<\/a>                                    <\/div> <!--\/.wppb-carousel-content-in-->\n\t\t\t\t\t\t\t\t\t                                <\/div> <!--\/.wppb-container-->\n                            <\/div> <!--\/.wppb-carousel-content-wrap-->\n                        <\/div> <!--\/.repeater-->\n\t\t\t\t\t\t                    <\/div> <!--\/.wppb-carousel-->\n                <\/div> <!--\/.wppb-carousel-addon-content-->\n            <\/div> <!--\/.wppb-carousel-addon-->\n\n\t\t\t<\/div><\/div>                                            <\/div>\n                                        <\/div>\n                                    <\/div>\n\t\t\t\t\t\t\t\t\t                        <\/div>\n\n                    <\/div>\n                <\/div>\n\t\t\t\t                <div  class=\"wppb-row-parent  wppb-row-1664133699220 \"  >\n\t\t\t\t\t\n\t\t\t\t\t\t\t\t\t\t\n\t\t\t\t\t\t\t\t\t\t\n\t\t\t\t\t<div class=\"wppb-container \">\n\t\t\t\t\t\t\t\t\t\t\t\t\t\n                        <div class=\"wppb-row\">\n\t\t\t\t\t\t\t                                    <div  class=\"wppb-column-parent wppb-column-parent-view wppb-col-1664133699217  \"  >\n                                        <div class=\"wppb-column\">\n\t\t\t\t\t\n\t\t\t\t\t\t\t\t\t\t\t\n                                            <div class=\"wppb-builder-addons\">\n\t\t\t\t\t\t\t\t\t\t\t\t<div class='wppb-builder-addon wppb-addon-1664133766823'  data-addon-id='1664133766823'><div class='wppb-addon'><div class=\"wppb-flip-box-addon\"><div class=\"wppb-flip-box-content threeD_style flip_left flipon-hover\"><div class=\"threeD-content-wrap flip\"><div class=\"threeD-item\"><div class = \"threeD-flip-front\"><div class = \"threeD-content-inner\"><div class=\"wppb-flip-front-icon\"><i class=\"fas fa-chalkboard-teacher\"><\/i><\/div><h3 class=\"wppb-flip-front-title\">MICE<\/h3><div class=\"wppb-flip-front-intro\">Meeting. Incentive. Conference. Event.<\/div><\/div><\/div><div class = \"threeD-flip-back\"><div class = \"threeD-content-inner\"><h3 class=\"wppb-flip-back-title\">MICE<\/h3><div class=\"wppb-flip-back-intro\">Wir sind gerne Plattform f\u00fcr deine gesch\u00e4ftliche Veranstaltung. Durch unsere Vorhangsystem sind wir in der Lage den Raum auf deine Bed\u00fcrfnisse in wenigen Minuten anzupassen.<\/div><a target=_self href=\"\/eventlocation\/mice-meetings-incentives-conferences-events\/\"  class=\"wppb-back-view-btn\">Mehr Informationen<\/a><\/div><\/div ><\/div><\/div><\/div><\/div><\/div><\/div>                                            <\/div>\n                                        <\/div>\n                                    <\/div>\n\t\t\t\t\t\t\t\t\t                                    <div  class=\"wppb-column-parent wppb-column-parent-view wppb-col-1664133699218  \"  >\n                                        <div class=\"wppb-column\">\n\t\t\t\t\t\n\t\t\t\t\t\t\t\t\t\t\t\n                                            <div class=\"wppb-builder-addons\">\n\t\t\t\t\t\t\t\t\t\t\t\t<div class='wppb-builder-addon wppb-addon-1664133699491'  data-addon-id='1664133699491'><div class='wppb-addon'><div class=\"wppb-flip-box-addon\"><div class=\"wppb-flip-box-content threeD_style flip_left flipon-hover\"><div class=\"threeD-content-wrap flip\"><div class=\"threeD-item\"><div class = \"threeD-flip-front\"><div class = \"threeD-content-inner\"><div class=\"wppb-flip-front-icon\"><i class=\"fas fa-birthday-cake\"><\/i><\/div><h3 class=\"wppb-flip-front-title\">Privatveranstaltungen<\/h3><div class=\"wppb-flip-front-intro\">Hochzeit, runder Geburtstag oder Public Viewing\u2026 hier st\u00f6rst du niemanden.<\/div><\/div><\/div><div class = \"threeD-flip-back\"><div class = \"threeD-content-inner\"><h3 class=\"wppb-flip-back-title\">Privatveranstaltungen<\/h3><div class=\"wppb-flip-back-intro\">Du kannst hier deine Hochzeit in Glanz und Gloria feiern, die Party zum runden Geburtstag von der Oma schmei\u00dfen oder mit all deinen Buddys hier zu uns kommen.<\/div><a target=_self href=\"\/eventlocation\/fuer-privat\/\"  class=\"wppb-back-view-btn\">Mehr Informationen<\/a><\/div><\/div ><\/div><\/div><\/div><\/div><\/div><\/div>                                            <\/div>\n                                        <\/div>\n                                    <\/div>\n\t\t\t\t\t\t\t\t\t                                    <div  class=\"wppb-column-parent wppb-column-parent-view wppb-col-1664133699219  \"  >\n                                        <div class=\"wppb-column\">\n\t\t\t\t\t\n\t\t\t\t\t\t\t\t\t\t\t\n                                            <div class=\"wppb-builder-addons\">\n\t\t\t\t\t\t\t\t\t\t\t\t<div class='wppb-builder-addon wppb-addon-1664133699498'  data-addon-id='1664133699498'><div class='wppb-addon'><div class=\"wppb-flip-box-addon\"><div class=\"wppb-flip-box-content threeD_style flip_left flipon-hover\"><div class=\"threeD-content-wrap flip\"><div class=\"threeD-item\"><div class = \"threeD-flip-front\"><div class = \"threeD-content-inner\"><div class=\"wppb-flip-front-icon\"><i class=\"fas fa-microphone\"><\/i><\/div><h3 class=\"wppb-flip-front-title\">Medienproduktion<\/h3><div class=\"wppb-flip-front-intro\">Lorem Ipsum dolor sit.<\/div><\/div><\/div><div class = \"threeD-flip-back\"><div class = \"threeD-content-inner\"><h3 class=\"wppb-flip-back-title\">Medienproduktion<\/h3><div class=\"wppb-flip-back-intro\">Unsere Vorhangsystem und die abgeh\u00e4ngte Decke, sorgen f\u00fcr die ideale Raumakustik. Der Echtholzboden sorgt f\u00fcr die n\u00f6tige Atmosph\u00e4re und bietet zusammen mit den unterschiedlichsten Maschinen einmalige Kulissen.<\/div><a target=_self href=\"\/eventlocation\/medienproduktion\/\"  class=\"wppb-back-view-btn\">Mehr Informationen<\/a><\/div><\/div ><\/div><\/div><\/div><\/div><\/div><\/div>                                            <\/div>\n                                        <\/div>\n                                    <\/div>\n\t\t\t\t\t\t\t\t\t                        <\/div>\n\n                    <\/div>\n                <\/div>\n\t\t\t\t                <div  class=\"wppb-row-parent  wppb-row-1664308313728 \"  >\n\t\t\t\t\t\n\t\t\t\t\t\t\t\t\t\t\n\t\t\t\t\t\t\t\t\t\t\n\t\t\t\t\t<div class=\"wppb-container \">\n\t\t\t\t\t\t\t\t\t\t\t\t\t\n                        <div class=\"wppb-row\">\n\t\t\t\t\t\t\t                                    <div  class=\"wppb-column-parent wppb-column-parent-view wppb-col-1664308313729  \"  >\n                                        <div class=\"wppb-column\">\n\t\t\t\t\t\n\t\t\t\t\t\t\t\t\t\t\t\n                                            <div class=\"wppb-builder-addons\">\n\t\t\t\t\t\t\t\t\t\t\t\t<div class='wppb-builder-addon wppb-addon-1664308313730'  data-addon-id='1664308313730'><div class='wppb-addon'><div class=\"wppb-text-block-addon\"><div class=\"wppb-text-block-content 0\"><h3 style=\"text-align: center\">Sie k\u00f6nnen auch eine konkrete Anfrage stellen, und wir melden uns innerhalb von 1 Werktag bei Ihnen mit einem Angebot zur\u00fcck!<\/h3><\/div><\/div><\/div><\/div><div class='wppb-builder-addon wppb-addon-1664308313731'  data-addon-id='1664308313731'><div class='wppb-addon'><div class=\"wppb-global-form-addon\"><div class=\"wppb-global-form-content  wppb-textarea-disbale-0\">            <form method=\"post\" enctype=\"multipart\/form-data\" class=\"wppb-form-addon\" data-form-id=\"1664308313731\">\r\n\t\t\t\t<input type=\"hidden\" id=\"wppb_form_nonce_field\" name=\"wppb_form_nonce_field\" value=\"4169562f2d\" \/><input type=\"hidden\" name=\"_wp_http_referer\" value=\"\/eventlocation\/wp-json\/wp\/v2\/pages\/13\" \/>                <input type=\"hidden\" name=\"wppb_form_data\" value=\"{&quot;addon_id&quot;:1664308313731,&quot;page_id&quot;:13}\">\r\n                <div class=\"wppb-form-msg\"><\/div>\r\n                <div class=\"wppb-form-field-item-wrap\">\r\n\t\t\t\t\t                        <div class=\"wppb-form-field-repeat repeater-0\">\r\n                            <div class=\"wppb-form-field-wrap\">\r\n\t\t\t\t\t\t\t\t\t\t\t\t\t\t\t\t\t<label class=\"wppb-form-field-label\">Name<span class='require-sign'>*<\/span><\/label>\r\n\t\t\t\t\t\t\t\t\t\t\t\t\t\t\t\t\t\t\t\t\t\t\t\t\t \n<span class=\"wppb-form-field-item wppb-form-field-input\">\n    <input type=\"text\" name=\"wppb_default_form[0]\"  placeholder=\"Vor- und Nachname\" data-required=\"true\" data-label=\"Name\"  >\n<\/span>\t\t\t\t\t\t\t\t                            <\/div>\r\n                        <\/div>\r\n\t\t\t\t\t\t                        <div class=\"wppb-form-field-repeat repeater-1\">\r\n                            <div class=\"wppb-form-field-wrap\">\r\n\t\t\t\t\t\t\t\t\t\t\t\t\t\t\t\t\t<label class=\"wppb-form-field-label\">Firma<\/label>\r\n\t\t\t\t\t\t\t\t\t\t\t\t\t\t\t\t\t\t\t\t\t\t\t\t\t \n<span class=\"wppb-form-field-item wppb-form-field-input\">\n    <input type=\"text\" name=\"wppb_default_form[1]\"  placeholder=\"Firmenname\"  >\n<\/span>\t\t\t\t\t\t\t\t                            <\/div>\r\n                        <\/div>\r\n\t\t\t\t\t\t                        <div class=\"wppb-form-field-repeat repeater-2\">\r\n                            <div class=\"wppb-form-field-wrap\">\r\n\t\t\t\t\t\t\t\t\t\t\t\t\t\t\t\t\t<label class=\"wppb-form-field-label\">Kontaktm\u00f6glichkeit<span class='require-sign'>*<\/span><\/label>\r\n\t\t\t\t\t\t\t\t\t\t\t\t\t\t\t\t\t\t\t\t\t\t\t\t\t \n<span class=\"wppb-form-field-item wppb-form-field-input\">\n    <input type=\"text\" name=\"wppb_default_form[2]\"  placeholder=\"Emailadresse oder Telefonnummer\" data-required=\"true\" data-label=\"Kontaktm\u00f6glichkeit\"  >\n<\/span>\t\t\t\t\t\t\t\t                            <\/div>\r\n                        <\/div>\r\n\t\t\t\t\t\t                        <div class=\"wppb-form-field-repeat repeater-3\">\r\n                            <div class=\"wppb-form-field-wrap\">\r\n\t\t\t\t\t\t\t\t\t\t\t\t\t\t\t\t\t<label class=\"wppb-form-field-label\">Veranstaltungsdatum<\/label>\r\n\t\t\t\t\t\t\t\t\t\t\t\t\t\t\t\t\t\t\t\t\t\t\t\t\t \n<span class=\"wppb-form-field-item wppb-form-field-input\">\n    <input type=\"text\" name=\"wppb_default_form[3]\"  placeholder=\"Wenn Sie schon wissen wann es stattfinden soll.\"  >\n<\/span>\t\t\t\t\t\t\t\t                            <\/div>\r\n                        <\/div>\r\n\t\t\t\t\t\t                        <div class=\"wppb-form-field-repeat repeater-4\">\r\n                            <div class=\"wppb-form-field-wrap\">\r\n\t\t\t\t\t\t\t\t\t\t\t\t\t\t\t\t\t<label class=\"wppb-form-field-label\">Anfrage<\/label>\r\n\t\t\t\t\t\t\t\t\t\t\t\t\t\t\t\t\t\t\t\t\t\t\t\t\t<span class=\"wppb-form-field-item wppb-form-field-textarea\">\n    <textarea name=\"wppb_default_form[4]\"  placeholder=\"Was gibt es \u00fcber die Veranstaltung zu sagen? Anlass, Personenanzahl, W\u00fcnsche\"  ><\/textarea>\n<\/span>\t\t\t\t\t\t\t\t                            <\/div>\r\n                        <\/div>\r\n\t\t\t\t\t\t                <\/div>\r\n\r\n\t\t\t\t                    <div class=\"wppb-custom-recaptcha\">\r\n                        <span class=\"wppb-form-recaptcha-input\"><input type=\"text\" name=\"wppb_default_form[wppb_form_recaptcha_answer]\" data-required=\"true\" placeholder=\"10+5 = ?\" data-label=\"WPPB Simple reCaptcha\"\/><\/span>\r\n                    <\/div>\r\n\t\t\t\t\r\n\t\t\t\t\r\n\t\t\t\t\r\n                <div class=\"wppb_form_addon_submit_btn_wrap wppb-form-btn-wrap\">\r\n                    <button class=\"wppb-btn-forms wppb_form_addon_submit  wppb-btn-no\" type=\"submit\"> <i class=\"far fa-smile-beam\"><\/i> <span>Unverbindliche Anfrage einreichen<\/span> <\/button>\r\n                <\/div>\r\n\r\n                <div class=\"wppb_form_response\"><\/div>\r\n            <\/form>\r\n\r\n\t\t\t<\/div><\/div><\/div><\/div>                                            <\/div>\n                                        <\/div>\n                                    <\/div>\n\t\t\t\t\t\t\t\t\t                        <\/div>\n\n                    <\/div>\n                <\/div>\n\t\t\t\t<\/div>","protected":false},"excerpt":{"rendered":"<p>Ein Museum hat sich verwandelt. \u201eDas Goldschagg\u201c ist entstanden. Zusammen haben Max &amp; Simon es sich zur Aufgabe gemacht, das alte Museum von Rolf Goldschagg aufzupolieren. Jetzt hat der M\u00fcnchner Osten eine der einmaligsten und stilechtesten Event-Locations der Stadt. Meeting. Incentive. Conference. Event. MICE Wir sind gerne Plattform f\u00fcr deine gesch\u00e4ftliche Veranstaltung. Durch unsere Vorhangsystem\u2192<\/p>\n","protected":false},"author":1,"featured_media":0,"parent":0,"menu_order":0,"comment_status":"closed","ping_status":"closed","template":"wppb_theme_template","meta":{"footnotes":""},"class_list":["post-13","page","type-page","status-publish","hentry","wpbf-post"],"_links":{"self":[{"href":"https:\/\/dasgoldschagg.de\/eventlocation\/wp-json\/wp\/v2\/pages\/13","targetHints":{"allow":["GET"]}}],"collection":[{"href":"https:\/\/dasgoldschagg.de\/eventlocation\/wp-json\/wp\/v2\/pages"}],"about":[{"href":"https:\/\/dasgoldschagg.de\/eventlocation\/wp-json\/wp\/v2\/types\/page"}],"author":[{"embeddable":true,"href":"https:\/\/dasgoldschagg.de\/eventlocation\/wp-json\/wp\/v2\/users\/1"}],"replies":[{"embeddable":true,"href":"https:\/\/dasgoldschagg.de\/eventlocation\/wp-json\/wp\/v2\/comments?post=13"}],"version-history":[{"count":1,"href":"https:\/\/dasgoldschagg.de\/eventlocation\/wp-json\/wp\/v2\/pages\/13\/revisions"}],"predecessor-version":[{"id":14,"href":"https:\/\/dasgoldschagg.de\/eventlocation\/wp-json\/wp\/v2\/pages\/13\/revisions\/14"}],"wp:attachment":[{"href":"https:\/\/dasgoldschagg.de\/eventlocation\/wp-json\/wp\/v2\/media?parent=13"}],"curies":[{"name":"wp","href":"https:\/\/api.w.org\/{rel}","templated":true}]}}